{"id":2071,"date":"2022-09-07T05:26:41","date_gmt":"2022-09-07T05:26:41","guid":{"rendered":"https:\/\/ifingerstudio.com\/landiox\/?page_id=3"},"modified":"2025-09-21T12:07:20","modified_gmt":"2025-09-21T12:07:20","slug":"privacy-policy","status":"publish","type":"page","link":"https:\/\/evim.ge\/ka\/privacy-policy\/","title":{"rendered":"\u10d9\u10dd\u10dc\u10e4\u10d8\u10d3\u10d4\u10dc\u10ea\u10d8\u10d0\u10da\u10e3\u10e0\u10dd\u10d1\u10d8\u10e1 \u10de\u10dd\u10da\u10d8\u10e2\u10d8\u10d9\u10d0"},"content":{"rendered":"<div data-elementor-type=\"wp-page\" data-elementor-id=\"2071\" class=\"elementor elementor-2071\" data-elementor-post-type=\"page\">\n\t\t\t\t<div class=\"elementor-element elementor-element-61cfb70 e-flex e-con-boxed e-con e-parent\" data-id=\"61cfb70\" data-element_type=\"container\" data-e-type=\"container\">\n\t\t\t\t\t<div class=\"e-con-inner\">\n\t\t\t\t<div class=\"elementor-element elementor-element-1b5ed2b elementor-widget elementor-widget-heading\" data-id=\"1b5ed2b\" data-element_type=\"widget\" data-e-type=\"widget\" data-widget_type=\"heading.default\">\n\t\t\t\t<div class=\"elementor-widget-container\">\n\t\t\t\t\t<h2 class=\"elementor-heading-title elementor-size-default\">\u10d9\u10dd\u10dc\u10e4\u10d8\u10d3\u10d4\u10dc\u10ea\u10d8\u10d0\u10da\u10e3\u10e0\u10dd\u10d1\u10d8\u10e1 \u10de\u10dd\u10da\u10d8\u10e2\u10d8\u10d9\u10d0<\/h2>\t\t\t\t<\/div>\n\t\t\t\t<\/div>\n\t\t<div class=\"elementor-element elementor-element-b9f881f e-con-full e-flex e-con e-child\" data-id=\"b9f881f\" data-element_type=\"container\" data-e-type=\"container\">\n\t\t<div class=\"elementor-element elementor-element-4404aec e-con-full e-flex e-con e-child\" data-id=\"4404aec\" data-element_type=\"container\" data-e-type=\"container\">\n\t\t\t\t<div class=\"elementor-element elementor-element-e57c4ef elementor-widget__width-inherit elementor-widget elementor-widget-text-editor\" data-id=\"e57c4ef\" data-element_type=\"widget\" data-e-type=\"widget\" data-widget_type=\"text-editor.default\">\n\t\t\t\t<div class=\"elementor-widget-container\">\n\t\t\t\t\t\t\t\t\t<p data-start=\"250\" data-end=\"447\">\u10d4\u10e1 \u10d9\u10dd\u10dc\u10e4\u10d8\u10d3\u10d4\u10dc\u10ea\u10d8\u10d0\u10da\u10e3\u10e0\u10dd\u10d1\u10d8\u10e1 \u10de\u10dd\u10da\u10d8\u10e2\u10d8\u10d9\u10d0 \u10d2\u10d0\u10dc\u10d9\u10e3\u10d7\u10d5\u10dc\u10d8\u10da\u10d8\u10d0 \u10e9\u10d5\u10d4\u10dc\u10d8 \u10d5\u10d4\u10d1\u10e1\u10d0\u10d8\u10e2\u10d8\u10e1 \u10e7\u10d5\u10d4\u10da\u10d0 \u10d5\u10d8\u10d6\u10d8\u10e2\u10dd\u10e0\u10d8\u10e1\u10d7\u10d5\u10d8\u10e1. \u10e9\u10d5\u10d4\u10dc\u10d8 \u10db\u10d7\u10d0\u10d5\u10d0\u10e0\u10d8 \u10db\u10d8\u10d6\u10d0\u10dc\u10d8\u10d0 \u10db\u10dd\u10db\u10ee\u10db\u10d0\u10e0\u10d4\u10d1\u10da\u10d4\u10d1\u10d8\u10e1 \u10d9\u10dd\u10dc\u10e4\u10d8\u10d3\u10d4\u10dc\u10ea\u10d8\u10d0\u10da\u10e3\u10e0\u10dd\u10d1\u10d8\u10e1 \u10e3\u10e4\u10da\u10d4\u10d1\u10d4\u10d1\u10d8\u10e1 \u10d3\u10d0\u10ea\u10d5\u10d0 \u10d3\u10d0 \u10d8\u10dc\u10e4\u10dd\u10e0\u10db\u10d0\u10ea\u10d8\u10d8\u10e1 \u10d2\u10d0\u10db\u10ed\u10d5\u10d8\u10e0\u10d5\u10d0\u10da\u10d4\u10d3 \u10db\u10d8\u10ec\u10dd\u10d3\u10d4\u10d1\u10d0.<\/p><h4 data-start=\"449\" data-end=\"482\">1. \u10db\u10dd\u10dc\u10d0\u10ea\u10d4\u10db\u10d7\u10d0 \u10e8\u10d4\u10d2\u10e0\u10dd\u10d5\u10d4\u10d1\u10d0<\/h4><p data-start=\"483\" data-end=\"653\">\u10e9\u10d5\u10d4\u10dc\u10d8 \u10e1\u10d0\u10d8\u10e2\u10d8 \u10db\u10ee\u10dd\u10da\u10dd\u10d3 \u10d6\u10dd\u10d2\u10d0\u10d3 \u10d8\u10dc\u10e4\u10dd\u10e0\u10db\u10d0\u10ea\u10d8\u10d0\u10e1 \u10d2\u10d5\u10d0\u10ec\u10d5\u10d3\u10d8\u10e1 \u10de\u10e0\u10dd\u10d3\u10e3\u10e5\u10e2\u10d4\u10d1\u10d8\u10e1 \u10e8\u10d4\u10e1\u10d0\u10ee\u10d4\u10d1. \u10db\u10dd\u10db\u10ee\u10db\u10d0\u10e0\u10d4\u10d1\u10da\u10d4\u10d1\u10d8\u10e1\u10d2\u10d0\u10dc \u10d0\u10e0 \u10d2\u10e0\u10dd\u10d5\u10d3\u10d4\u10d1\u10d0 \u10de\u10d4\u10e0\u10e1\u10dd\u10dc\u10d0\u10da\u10e3\u10e0\u10d8 \u10d8\u10dc\u10e4\u10dd\u10e0\u10db\u10d0\u10ea\u10d8\u10d0 (\u10e1\u10d0\u10ee\u10d4\u10da\u10d8, \u10d2\u10d5\u10d0\u10e0\u10d8, \u10db\u10d8\u10e1\u10d0\u10db\u10d0\u10e0\u10d7\u10d8, \u10e2\u10d4\u10da\u10d4\u10e4\u10dd\u10dc\u10d8\u10e1 \u10dc\u10dd\u10db\u10d4\u10e0\u10d8, \u10d4\u10da\u10d4\u10e5\u10e2\u10e0\u10dd\u10dc\u10e3\u10da\u10d8 \u10e4\u10dd\u10e1\u10e2\u10d8\u10e1 \u10db\u10d8\u10e1\u10d0\u10db\u10d0\u10e0\u10d7\u10d8 \u10d3\u10d0 \u10d0.\u10e8.).<\/p><h4 data-start=\"655\" data-end=\"683\">2. \u10e5\u10e3\u10e5\u10d8-\u10e4\u10d0\u10d8\u10da\u10d4\u10d1\u10d8 (Cookies)<\/h4><p data-start=\"684\" data-end=\"909\">\u10d0\u10db\u10df\u10d0\u10db\u10d0\u10d3, \u10e9\u10d5\u10d4\u10dc\u10d8 \u10e1\u10d0\u10d8\u10e2\u10d8 \u10d0\u10e0 \u10d8\u10e7\u10d4\u10dc\u10d4\u10d1\u10e1 \u10e5\u10e3\u10e5\u10d8-\u10e4\u10d0\u10d8\u10da\u10d4\u10d1\u10e1 \u10d0\u10dc \u10db\u10e1\u10d2\u10d0\u10d5\u10e1 \u10e2\u10d4\u10e5\u10dc\u10dd\u10da\u10dd\u10d2\u10d8\u10d4\u10d1\u10e1 \u10db\u10dd\u10db\u10ee\u10db\u10d0\u10e0\u10d4\u10d1\u10da\u10d8\u10e1 \u10d0\u10e5\u10e2\u10d8\u10d5\u10dd\u10d1\u10d8\u10e1 \u10d7\u10d5\u10d0\u10da\u10e7\u10e3\u10e0\u10d8\u10e1 \u10d3\u10d4\u10d5\u10dc\u10d4\u10d1\u10d8\u10e1\u10d7\u10d5\u10d8\u10e1. \u10d7\u10e3 \u10db\u10dd\u10db\u10d0\u10d5\u10d0\u10da\u10e8\u10d8 \u10d0\u10e1\u10d4\u10d7\u10d8 \u10e4\u10e3\u10dc\u10e5\u10ea\u10d8\u10d0 \u10d3\u10d0\u10d4\u10db\u10d0\u10e2\u10d4\u10d1\u10d0, \u10db\u10dd\u10db\u10ee\u10db\u10d0\u10e0\u10d4\u10d1\u10da\u10d4\u10d1\u10e1 \u10ec\u10d8\u10dc\u10d0\u10e1\u10ec\u10d0\u10e0 \u10d4\u10ea\u10dc\u10dd\u10d1\u10d4\u10d1\u10d0\u10d7.<\/p><h4 data-start=\"911\" data-end=\"944\">3. \u10db\u10d4\u10e1\u10d0\u10db\u10d4 \u10db\u10ee\u10d0\u10e0\u10d8\u10e1 \u10db\u10dd\u10db\u10e1\u10d0\u10ee\u10e3\u10e0\u10d4\u10d1\u10d0<\/h4><p data-start=\"945\" data-end=\"1065\">\u10e9\u10d5\u10d4\u10dc\u10e1 \u10e1\u10d0\u10d8\u10e2\u10d6\u10d4 \u10d0\u10e0 \u10d0\u10e0\u10e1\u10d4\u10d1\u10dd\u10d1\u10e1 \u10e8\u10d4\u10d9\u10d5\u10d4\u10d7\u10d8\u10e1, \u10d2\u10d0\u10d3\u10d0\u10ee\u10d3\u10d8\u10e1 \u10d0\u10dc \u10e0\u10d4\u10d2\u10d8\u10e1\u10e2\u10e0\u10d0\u10ea\u10d8\u10d8\u10e1 \u10e1\u10d8\u10e1\u10e2\u10d4\u10db\u10d0. \u10db\u10dd\u10db\u10ee\u10db\u10d0\u10e0\u10d4\u10d1\u10da\u10d8\u10e1 \u10d8\u10dc\u10e4\u10dd\u10e0\u10db\u10d0\u10ea\u10d8\u10d0 \u10d0\u10e0 \u10d2\u10d0\u10d3\u10d0\u10d4\u10ea\u10d4\u10db\u10d0 \u10db\u10d4\u10e1\u10d0\u10db\u10d4 \u10de\u10d8\u10e0\u10d4\u10d1\u10e1.<\/p><h4 data-start=\"1067\" data-end=\"1090\">4. \u10e3\u10e1\u10d0\u10e4\u10e0\u10d7\u10ee\u10dd\u10d4\u10d1\u10d0<\/h4><p data-start=\"1091\" data-end=\"1289\">\u10d5\u10d8\u10dc\u10d0\u10d8\u10d3\u10d0\u10dc \u10e9\u10d5\u10d4\u10dc\u10d8 \u10e1\u10d0\u10d8\u10e2\u10d8 \u10db\u10ee\u10dd\u10da\u10dd\u10d3 \u10e1\u10d0\u10d8\u10dc\u10e4\u10dd\u10e0\u10db\u10d0\u10ea\u10d8\u10dd \u10db\u10d8\u10d6\u10dc\u10d4\u10d1\u10d8\u10e1\u10d7\u10d5\u10d8\u10e1\u10d0\u10d0, \u10de\u10d4\u10e0\u10e1\u10dd\u10dc\u10d0\u10da\u10e3\u10e0\u10d8 \u10db\u10dd\u10dc\u10d0\u10ea\u10d4\u10db\u10d4\u10d1\u10d8\u10e1 \u10d3\u10d0\u10ea\u10d5\u10d0\u10e1\u10d7\u10d0\u10dc \u10d3\u10d0\u10d9\u10d0\u10d5\u10e8\u10d8\u10e0\u10d4\u10d1\u10e3\u10da\u10d8 \u10e0\u10d8\u10e1\u10d9\u10d4\u10d1\u10d8 \u10d0\u10e0 \u10d0\u10e0\u10e1\u10d4\u10d1\u10dd\u10d1\u10e1. \u10d7\u10e3\u10db\u10ea\u10d0, \u10e1\u10d0\u10d8\u10e2\u10d8 \u10e0\u10d4\u10d2\u10e3\u10da\u10d0\u10e0\u10e3\u10da\u10d0\u10d3 \u10d2\u10d0\u10dc\u10d0\u10ee\u10da\u10d3\u10d4\u10d1\u10d0, \u10e3\u10e1\u10d0\u10e4\u10e0\u10d7\u10ee\u10dd\u10d4\u10d1\u10d8\u10e1 \u10d6\u10dd\u10d2\u10d0\u10d3\u10d8 \u10ec\u10d4\u10e1\u10d4\u10d1\u10d8\u10e1 \u10d3\u10d0\u10ea\u10d5\u10d8\u10d7.<\/p><h4 data-start=\"1291\" data-end=\"1314\">5. \u10ea\u10d5\u10da\u10d8\u10da\u10d4\u10d1\u10d4\u10d1\u10d8<\/h4><p data-start=\"1315\" data-end=\"1415\">\u10d7\u10e3 \u10e9\u10d5\u10d4\u10dc\u10e1 \u10d9\u10dd\u10dc\u10e4\u10d8\u10d3\u10d4\u10dc\u10ea\u10d8\u10d0\u10da\u10e3\u10e0\u10dd\u10d1\u10d8\u10e1 \u10de\u10dd\u10da\u10d8\u10e2\u10d8\u10d9\u10d0\u10e8\u10d8 \u10e0\u10d0\u10d8\u10db\u10d4 \u10ea\u10d5\u10da\u10d8\u10da\u10d4\u10d1\u10d0 \u10d8\u10e5\u10dc\u10d4\u10d1\u10d0, \u10d2\u10d0\u10dc\u10d0\u10ee\u10da\u10d4\u10d1\u10e3\u10da\u10d8 \u10d5\u10d4\u10e0\u10e1\u10d8\u10d0 \u10d2\u10d0\u10db\u10dd\u10e5\u10d5\u10d4\u10e7\u10dc\u10d3\u10d4\u10d1\u10d0 \u10d0\u10db \u10d2\u10d5\u10d4\u10e0\u10d3\u10d6\u10d4.<\/p><h4 data-start=\"1417\" data-end=\"1432\">6. \u10d9\u10dd\u10dc\u10e2\u10d0\u10e5\u10e2\u10d8<\/h4><p data-start=\"1433\" data-end=\"1563\">\u10d7\u10e3 \u10d7\u10e5\u10d5\u10d4\u10dc \u10d2\u10d0\u10e5\u10d5\u10d7 \u10e0\u10d0\u10d8\u10db\u10d4 \u10e8\u10d4\u10d9\u10d8\u10d7\u10ee\u10d5\u10d4\u10d1\u10d8 \u10e9\u10d5\u10d4\u10dc\u10d8 \u10d9\u10dd\u10dc\u10e4\u10d8\u10d3\u10d4\u10dc\u10ea\u10d8\u10d0\u10da\u10e3\u10e0\u10dd\u10d1\u10d8\u10e1 \u10de\u10dd\u10da\u10d8\u10e2\u10d8\u10d9\u10d0\u10e1\u10d7\u10d0\u10dc \u10d3\u10d0\u10d9\u10d0\u10d5\u10e8\u10d8\u10e0\u10d4\u10d1\u10d8\u10d7, \u10e8\u10d4\u10d2\u10d8\u10eb\u10da\u10d8\u10d0\u10d7 \u10d3\u10d0\u10d2\u10d5\u10d8\u10d9\u10d0\u10d5\u10e8\u10d8\u10e0\u10d3\u10d4\u10d7 \u10e1\u10d0\u10d8\u10e2\u10d8\u10e1 \u201e\u10d9\u10dd\u10dc\u10e2\u10d0\u10e5\u10e2\u10d8\u10e1\u201c \u10d2\u10d0\u10dc\u10e7\u10dd\u10e4\u10d8\u10da\u10d4\u10d1\u10d8\u10e1 \u10e1\u10d0\u10e8\u10e3\u10d0\u10da\u10d4\u10d1\u10d8\u10d7.<\/p>\t\t\t\t\t\t\t\t<\/div>\n\t\t\t\t<\/div>\n\t\t<div class=\"elementor-element elementor-element-7d59270 e-con-full e-flex e-con e-child\" data-id=\"7d59270\" data-element_type=\"container\" data-e-type=\"container\">\n\t\t\t\t<\/div>\n\t\t\t\t<\/div>\n\t\t\t\t<\/div>\n\t\t\t\t\t<\/div>\n\t\t\t\t<\/div>\n\t\t\t\t<\/div>","protected":false},"excerpt":{"rendered":"<p>M\u0259xfilik Siyas\u0259ti Bu m\u0259xfilik siyas\u0259ti sayt\u0131m\u0131zdan istifad\u0259 ed\u0259n b\u00fct\u00fcn ziyar\u0259t\u00e7il\u0259r \u00fc\u00e7\u00fcn n\u0259z\u0259rd\u0259 tutulmu\u015fdur. Bizim \u0259sas m\u0259qs\u0259dimiz istifad\u0259\u00e7il\u0259rin m\u0259xfilik h\u00fcquqlar\u0131n\u0131 qorumaq v\u0259 \u015f\u0259ffaf \u015f\u0259kild\u0259 m\u0259lumat verm\u0259kdir. 1. M\u0259lumatlar\u0131n Toplanmas\u0131 Sayt\u0131m\u0131z yaln\u0131z m\u0259hsullar haqq\u0131nda \u00fcmumi m\u0259lumat t\u0259qdim edir. \u0130stifad\u0259\u00e7il\u0259rd\u0259n he\u00e7 bir \u015f\u0259xsi m\u0259lumat (ad, soyad, \u00fcnvan, telefon n\u00f6mr\u0259si, e-po\u00e7t \u00fcnvan\u0131 v\u0259 s.) toplanm\u0131r. 2. \u00c7\u0259r\u0259zl\u0259r (Cookies) Haz\u0131rda [&hellip;]<\/p>\n","protected":false},"author":1,"featured_media":0,"parent":0,"menu_order":0,"comment_status":"closed","ping_status":"open","template":"page-template\/blank-page-sidebar.php","meta":{"footnotes":""},"class_list":["post-2071","page","type-page","status-publish","hentry"],"_links":{"self":[{"href":"https:\/\/evim.ge\/ka\/wp-json\/wp\/v2\/pages\/2071","targetHints":{"allow":["GET"]}}],"collection":[{"href":"https:\/\/evim.ge\/ka\/wp-json\/wp\/v2\/pages"}],"about":[{"href":"https:\/\/evim.ge\/ka\/wp-json\/wp\/v2\/types\/page"}],"author":[{"embeddable":true,"href":"https:\/\/evim.ge\/ka\/wp-json\/wp\/v2\/users\/1"}],"replies":[{"embeddable":true,"href":"https:\/\/evim.ge\/ka\/wp-json\/wp\/v2\/comments?post=2071"}],"version-history":[{"count":11,"href":"https:\/\/evim.ge\/ka\/wp-json\/wp\/v2\/pages\/2071\/revisions"}],"predecessor-version":[{"id":3233,"href":"https:\/\/evim.ge\/ka\/wp-json\/wp\/v2\/pages\/2071\/revisions\/3233"}],"wp:attachment":[{"href":"https:\/\/evim.ge\/ka\/wp-json\/wp\/v2\/media?parent=2071"}],"curies":[{"name":"wp","href":"https:\/\/api.w.org\/{rel}","templated":true}]}}