{"id":1512,"date":"2022-10-23T09:50:31","date_gmt":"2022-10-23T09:50:31","guid":{"rendered":"https:\/\/ifingerstudio.com\/landiox\/?page_id=1512"},"modified":"2025-09-20T12:38:31","modified_gmt":"2025-09-20T12:38:31","slug":"about-us","status":"publish","type":"page","link":"https:\/\/evim.ge\/ka\/about-us\/","title":{"rendered":"\u10e9\u10d5\u10d4\u10dc\u10e1 \u10e8\u10d4\u10e1\u10d0\u10ee\u10d4\u10d1"},"content":{"rendered":"<div data-elementor-type=\"wp-page\" data-elementor-id=\"1512\" class=\"elementor elementor-1512\" data-elementor-post-type=\"page\">\n\t\t\t\t\t\t<section class=\"elementor-section elementor-top-section elementor-element elementor-element-0cbed5e elementor-section-content-middle elementor-section-boxed elementor-section-height-default elementor-section-height-default\" data-id=\"0cbed5e\" data-element_type=\"section\" data-e-type=\"section\">\n\t\t\t\t\t\t<div class=\"elementor-container elementor-column-gap-default\">\n\t\t\t\t\t<div class=\"elementor-column elementor-col-50 elementor-top-column elementor-element elementor-element-836f97e\" data-id=\"836f97e\" data-element_type=\"column\" data-e-type=\"column\">\n\t\t\t<div class=\"elementor-widget-wrap elementor-element-populated\">\n\t\t\t\t\t\t<div class=\"elementor-element elementor-element-f319f8f elementor-widget elementor-widget-animated_about_image\" data-id=\"f319f8f\" data-element_type=\"widget\" data-e-type=\"widget\" data-widget_type=\"animated_about_image.default\">\n\t\t\t\t<div class=\"elementor-widget-container\">\n\t\t\t\t\t\t\t<div class=\"about-img-wrap\">\r\n\t\t\t<div class=\"wow fadeInUp\" data-wow-delay=\"0.2s\">\r\n\t\t\t\t<img decoding=\"async\" src=\"https:\/\/evim.ge\/wp-content\/uploads\/2024\/12\/ev-5-min-ab.jpg\" alt=\"Image\" class=\"img-one\">\r\n\t\t\t<\/div>\r\n\t\t\t<div class=\"wow fadeInLeft\" data-wow-delay=\"0.4s\">\r\n\t\t\t\t<img decoding=\"async\" src=\"https:\/\/evim.ge\/wp-content\/uploads\/2024\/12\/ev-2-min-ab.jpg\" alt=\"Image\" class=\"img-two\">\r\n\t\t\t<\/div>\r\n\t\t\t<div class=\"wow fadeInRight\" data-wow-delay=\"0.4s\">\r\n\t\t\t\t<img decoding=\"async\" src=\"https:\/\/evim.ge\/wp-content\/uploads\/2024\/12\/er.png\" alt=\"Image\" class=\"img-three\">\r\n\t\t\t<\/div>\r\n            <div class=\"experience-wrap\">\r\n            \t<div class=\"img-spacer\">\r\n\t\t\t\t\t<img decoding=\"async\" src=\"https:\/\/evim.ge\/wp-content\/uploads\/2022\/09\/title_line.png\" alt=\"Image\">\r\n            \t<\/div>\r\n                <h2 class=\"title\"><\/h2>\r\n                <span><\/span>\r\n            <\/div>\r\n        <\/div>\r\n\t\t\t\t\t<\/div>\n\t\t\t\t<\/div>\n\t\t\t\t\t<\/div>\n\t\t<\/div>\n\t\t\t\t<div class=\"elementor-column elementor-col-50 elementor-top-column elementor-element elementor-element-9f84e5d\" data-id=\"9f84e5d\" data-element_type=\"column\" data-e-type=\"column\">\n\t\t\t<div class=\"elementor-widget-wrap elementor-element-populated\">\n\t\t\t\t\t\t<div class=\"elementor-element elementor-element-d9bf279 elementor-widget elementor-widget-cat-form\" data-id=\"d9bf279\" data-element_type=\"widget\" data-e-type=\"widget\" data-widget_type=\"cat-form.default\">\n\t\t\t\t<div class=\"elementor-widget-container\">\n\t\t\t\t\t        <div class=\"about-content-two\">\r\n            <ul class=\"nav nav-tabs\" id=\"myTab\" role=\"tablist\">\r\n            \t                \t<li class=\"nav-item\" role=\"presentation\">\r\n                    \t<a class=\"nav-link active\" id=\"firma haqq\u0131nda-tab\" data-toggle=\"tab\" href=\"#firma haqq\u0131nda\" role=\"tab\" aria-controls=\"firma haqq\u0131nda\" aria-selected=\"true\">\u10d9\u10dd\u10db\u10de\u10d0\u10dc\u10d8\u10d8\u10e1 \u10e8\u10d4\u10e1\u10d0\u10ee\u10d4\u10d1<\/a>\r\n                \t<\/li>\r\n            \t            <\/ul>\r\n            <div class=\"tab-content\" id=\"myTabContent\">\r\n            \t                    <div class=\"tab-pane fade show active\" id=\"firma haqq\u0131nda\" role=\"tabpanel\" aria-labelledby=\"firma haqq\u0131nda-tab\">\r\n                    \t\t                    \t<div class=\"plan-details\">\r\n\t                        <h6 class=\"translation-block\">Evim \u0130n\u015faat - \u10d7\u10d4\u10e0\u10db\u10dd\u10e4\u10d0\u10e1\u10d0\u10d3\u10d8\u10e1 \u10e2\u10d4\u10e5\u10dc\u10dd\u10da\u10dd\u10d2\u10d8\u10d4\u10d1\u10d8\u10e1 \u10da\u10d8\u10d3\u10d4\u10e0\u10d8 \u10e1\u10d0\u10e5\u10d0\u10e0\u10d7\u10d5\u10d4\u10da\u10dd\u10e8\u10d8!\n\n\u10d7\u10d4\u10e0\u10db\u10dd\u10e4\u10d0\u10e1\u10d0\u10d3\u10d8\u10e1 \u10e2\u10d4\u10e5\u10dc\u10dd\u10da\u10dd\u10d2\u10d8\u10d8\u10e1 \u10de\u10d8\u10e0\u10d5\u10d4\u10da\u10d0\u10d3 \u10d2\u10d0\u10db\u10dd\u10e7\u10d4\u10dc\u10d4\u10d1\u10d8\u10d7 \u10e1\u10d0\u10e5\u10d0\u10e0\u10d7\u10d5\u10d4\u10da\u10dd\u10e8\u10d8, Evim \u0130n\u015faat \u10e0\u10d4\u10d5\u10dd\u10da\u10e3\u10ea\u10d8\u10d0\u10e1 \u10d0\u10ee\u10d3\u10d4\u10dc\u10e1 \u10e1\u10d0\u10db\u10e8\u10d4\u10dc\u10d4\u10d1\u10da\u10dd \u10e1\u10d4\u10e5\u10e2\u10dd\u10e0\u10e8\u10d8 \u10d7\u10e5\u10d5\u10d4\u10dc\u10d8 \u10e8\u10d4\u10dc\u10dd\u10d1\u10d4\u10d1\u10d8\u10e1 \u10d7\u10d1\u10dd\u10d8\u10d6\u10dd\u10da\u10d0\u10ea\u10d8\u10d8\u10e1\u10d0 \u10d3\u10d0 \u10d4\u10e1\u10d7\u10d4\u10e2\u10d8\u10d9\u10e3\u10e0\u10d8 \u10d8\u10d4\u10e0\u10e1\u10d0\u10ee\u10d8\u10e1 \u10e3\u10d6\u10e0\u10e3\u10dc\u10d5\u10d4\u10da\u10e7\u10dd\u10e4\u10d8\u10d7!\n\n\u10e0\u10d0 \u10d0\u10e0\u10d8\u10e1 \u10d7\u10d4\u10e0\u10db\u10dd\u10e4\u10d0\u10e1\u10d0\u10d3\u10d8?\n\n\u10d7\u10d4\u10e0\u10db\u10dd\u10e4\u10d0\u10e1\u10d0\u10d3\u10d8\u10e1 \u10e1\u10d8\u10e1\u10e2\u10d4\u10db\u10d4\u10d1\u10d8 \u10d8\u10ea\u10d0\u10d5\u10e1 \u10d7\u10e5\u10d5\u10d4\u10dc\u10e1 \u10e8\u10d4\u10dc\u10dd\u10d1\u10d4\u10d1\u10e1, \u10e3\u10d6\u10e0\u10e3\u10dc\u10d5\u10d4\u10da\u10e7\u10dd\u10e4\u10e1 \u10d4\u10dc\u10d4\u10e0\u10d2\u10dd\u10d4\u10e4\u10d4\u10e5\u10e2\u10e3\u10e0\u10dd\u10d1\u10d0\u10e1 \u10d3\u10d0 \u10e3\u10d6\u10e0\u10e3\u10dc\u10d5\u10d4\u10da\u10e7\u10dd\u10e4\u10e1 \u10ee\u10d0\u10dc\u10d2\u10e0\u10eb\u10da\u10d8\u10d5 \u10d2\u10d0\u10d3\u10d0\u10ec\u10e7\u10d5\u10d4\u10e2\u10d0\u10e1:\n\n\u10d4\u10dc\u10d4\u10e0\u10d2\u10dd\u10d4\u10e4\u10d4\u10e5\u10e2\u10e3\u10e0\u10dd\u10d1\u10d0: \u10d0\u10db\u10ea\u10d8\u10e0\u10d4\u10d1\u10e1 \u10e1\u10d8\u10d7\u10d1\u10dd\u10e1 \u10d3\u10d0\u10dc\u10d0\u10d9\u10d0\u10e0\u10d2\u10d4\u10d1\u10e1, \u10d6\u10dd\u10d2\u10d0\u10d5\u10e1 \u10d4\u10dc\u10d4\u10e0\u10d2\u10d8\u10d8\u10e1 \u10ee\u10d0\u10e0\u10ef\u10d4\u10d1\u10e1.\n\n\u10d4\u10e1\u10d7\u10d4\u10e2\u10d8\u10d9\u10e3\u10e0\u10d8 \u10d8\u10d4\u10e0\u10e1\u10d0\u10ee\u10d4: \u10ee\u10d3\u10d8\u10e1 \u10d7\u10e5\u10d5\u10d4\u10dc\u10e1 \u10e8\u10d4\u10dc\u10dd\u10d1\u10d4\u10d1\u10e1 \u10e3\u10e4\u10e0\u10dd \u10db\u10d8\u10db\u10d6\u10d8\u10d3\u10d5\u10d4\u10da\u10e1 \u10e1\u10ee\u10d5\u10d0\u10d3\u10d0\u10e1\u10ee\u10d5\u10d0 \u10e4\u10d4\u10e0\u10d8\u10e1\u10d0 \u10d3\u10d0 \u10d3\u10d8\u10d6\u10d0\u10d8\u10dc\u10d8\u10e1 \u10d5\u10d0\u10e0\u10d8\u10d0\u10dc\u10e2\u10d4\u10d1\u10d8\u10d7.\n\n\u10db\u10d3\u10d2\u10e0\u10d0\u10d3\u10dd\u10d1\u10d0: \u10e3\u10d6\u10e0\u10e3\u10dc\u10d5\u10d4\u10da\u10e7\u10dd\u10e4\u10e1 \u10db\u10d0\u10e6\u10d0\u10da \u10db\u10d3\u10d2\u10e0\u10d0\u10d3\u10dd\u10d1\u10d0\u10e1 \u10d2\u10d0\u10e0\u10d4 \u10d2\u10d0\u10e0\u10d4\u10db\u10dd \u10e4\u10d0\u10e5\u10e2\u10dd\u10e0\u10d4\u10d1\u10d8\u10e1 (\u10ec\u10d5\u10d8\u10db\u10d0, \u10e5\u10d0\u10e0\u10d8, \u10db\u10d6\u10d4) \u10db\u10d8\u10db\u10d0\u10e0\u10d7.\n\n\u10d4\u10d9\u10dd\u10da\u10dd\u10d2\u10d8\u10e3\u10e0\u10d8 \u10e1\u10d8\u10e1\u10e3\u10e4\u10d7\u10d0\u10d5\u10d4: \u10ee\u10d4\u10da\u10e1 \u10e3\u10ec\u10e7\u10dd\u10d1\u10e1 \u10d2\u10d0\u10e0\u10d4\u10db\u10dd\u10e1 \u10d3\u10d0\u10ea\u10d5\u10d0\u10e1 \u10dc\u10d0\u10ee\u10e8\u10d8\u10e0\u10d1\u10d0\u10d3\u10d8\u10e1 \u10d9\u10d5\u10d0\u10da\u10d8\u10e1 \u10e8\u10d4\u10db\u10ea\u10d8\u10e0\u10d4\u10d1\u10d8\u10d7.<\/h6><h6 class=\"translation-block\">\u10e0\u10d0\u10e1 \u10d2\u10d7\u10d0\u10d5\u10d0\u10d6\u10dd\u10d1\u10d7 Evim Insaat?\n\u10ee\u10d0\u10e0\u10d8\u10e1\u10ee\u10d8\u10d0\u10dc\u10d8 \u10db\u10dd\u10db\u10e1\u10d0\u10ee\u10e3\u10e0\u10d4\u10d1\u10d0: \u10db\u10d0\u10e6\u10d0\u10da\u10d8 \u10e1\u10e2\u10d0\u10dc\u10d3\u10d0\u10e0\u10e2\u10d4\u10d1\u10d8 \u10d7\u10d0\u10dc\u10d0\u10db\u10d4\u10d3\u10e0\u10dd\u10d5\u10d4 \u10e2\u10d4\u10e5\u10dc\u10dd\u10da\u10dd\u10d2\u10d8\u10d4\u10d1\u10d8\u10d7\u10d0 \u10d3\u10d0 \u10de\u10e0\u10dd\u10e4\u10d4\u10e1\u10d8\u10dd\u10dc\u10d0\u10da\u10d8 \u10d2\u10e3\u10dc\u10d3\u10d8\u10d7.\n\u10d8\u10d3\u10d4\u10d0\u10da\u10e3\u10e0\u10d8 \u10d3\u10d8\u10d6\u10d0\u10d8\u10dc\u10d8: \u10d4\u10e1\u10d7\u10d4\u10e2\u10d8\u10d9\u10e3\u10e0\u10d8 \u10d3\u10d0 \u10e4\u10e3\u10dc\u10e5\u10ea\u10d8\u10e3\u10e0\u10d8 \u10e4\u10d0\u10e1\u10d0\u10d3\u10d8\u10e1 \u10d2\u10d0\u10d3\u10d0\u10ec\u10e7\u10d5\u10d4\u10e2\u10d8\u10da\u10d4\u10d1\u10d4\u10d1\u10d8.\n\u10e1\u10d0\u10d8\u10db\u10d4\u10d3\u10dd\u10dd\u10d1\u10d0: \u10d4\u10dc\u10d3\u10d4\u10d7 \u10d3\u10d0 \u10d2\u10d0\u10e0\u10d0\u10dc\u10e2\u10d8\u10e0\u10d4\u10d1\u10e3\u10da\u10d8 \u10ee\u10d0\u10e0\u10d7, \u10e0\u10dd\u10d2\u10dd\u10e0\u10ea \u10de\u10d8\u10e0\u10d5\u10d4\u10da\u10d8 \u10d9\u10dd\u10db\u10de\u10d0\u10dc\u10d8\u10d0 \u10e1\u10d0\u10e5\u10d0\u10e0\u10d7\u10d5\u10d4\u10da\u10dd\u10e8\u10d8, \u10e0\u10dd\u10db\u10d4\u10da\u10d8\u10ea \u10d7\u10d4\u10e0\u10db\u10dd\u10e4\u10d0\u10e1\u10d0\u10d3\u10d8\u10e1 \u10e2\u10d4\u10e5\u10dc\u10dd\u10da\u10dd\u10d2\u10d8\u10d0\u10e1 \u10dc\u10d4\u10e0\u10d2\u10d0\u10d5\u10e1.\n\u10d7\u10e3 \u10d2\u10e1\u10e3\u10e0\u10d7 \u10d7\u10e5\u10d5\u10d4\u10dc\u10d8 \u10e8\u10d4\u10dc\u10dd\u10d1\u10d4\u10d1\u10d8\u10e1 \u10d2\u10d0\u10da\u10d0\u10db\u10d0\u10d6\u10d4\u10d1\u10d0 \u10d3\u10d0 \u10d4\u10dc\u10d4\u10e0\u10d2\u10dd\u10d4\u10e4\u10d4\u10e5\u10e2\u10e3\u10e0\u10dd\u10d1\u10d8\u10d7 \u10e1\u10d0\u10e0\u10d2\u10d4\u10d1\u10da\u10dd\u10d1\u10d0, \u10d3\u10d0\u10d2\u10d5\u10d8\u10d9\u10d0\u10d5\u10e8\u10d8\u10e0\u10d3\u10d8\u10d7!<\/h6>\t                        <\/div>\r\n                    \t\r\n                    <\/div>\r\n            \t            <\/div>\r\n        <\/div>\r\n\t\t\t\t\t<\/div>\n\t\t\t\t<\/div>\n\t\t\t\t\t<\/div>\n\t\t<\/div>\n\t\t\t\t\t<\/div>\n\t\t<\/section>\n\t\t\t\t<section class=\"elementor-section elementor-top-section elementor-element elementor-element-b59bac9 elementor-section-boxed elementor-section-height-default elementor-section-height-default\" data-id=\"b59bac9\" data-element_type=\"section\" data-e-type=\"section\">\n\t\t\t\t\t\t<div class=\"elementor-container elementor-column-gap-default\">\n\t\t\t\t\t<div class=\"elementor-column elementor-col-100 elementor-top-column elementor-element elementor-element-baa5295\" data-id=\"baa5295\" data-element_type=\"column\" data-e-type=\"column\">\n\t\t\t<div class=\"elementor-widget-wrap elementor-element-populated\">\n\t\t\t\t\t\t<div class=\"elementor-element elementor-element-7870936 elementor-widget elementor-widget-section-head-two\" data-id=\"7870936\" data-element_type=\"widget\" data-e-type=\"widget\" data-widget_type=\"section-head-two.default\">\n\t\t\t\t<div class=\"elementor-widget-container\">\n\t\t\t\t\t\t\t\t<div class=\"section-title text-center\">\r\n\t\t\t\t\t\t            <div class=\"sub-title left-image right-image\">\r\n\t\t            \t\t\t            \t\t<div class=\"after-image-svg\"><svg xmlns=\"http:\/\/www.w3.org\/2000\/svg\" id=\"Layer_1\" data-name=\"Layer 1\" viewbox=\"0 0 58.57 9.07\"><defs><style>.cls-1{fill:transparent;stroke:#bf9410;stroke-linecap:round;stroke-linejoin:round;stroke-width:2px;}<\/style><\/defs><polyline class=\"cls-1\" points=\"1 8.07 8.07 1 15.14 8.07\"\/><polyline class=\"cls-1\" points=\"15.14 8.07 22.21 1 29.28 8.07\"\/><polyline class=\"cls-1\" points=\"29.28 8.07 36.35 1 43.43 8.07\"\/><polyline class=\"cls-1\" points=\"43.43 8.07 50.5 1 57.57 8.07\"\/><\/svg><\/div>\r\n\t\t            \t\t\t            \t\u10db\u10d0\u10ee\u10d0\u10e1\u10d8\u10d0\u10d7\u10d4\u10d1\u10da\u10d4\u10d1\u10d8\t\t            \t\t\t            \t\t<div class=\"before-image-svg\"><svg xmlns=\"http:\/\/www.w3.org\/2000\/svg\" id=\"Layer_1\" data-name=\"Layer 1\" viewbox=\"0 0 58.57 9.07\"><defs><style>.cls-1{fill:transparent;stroke:#bf9410;stroke-linecap:round;stroke-linejoin:round;stroke-width:2px;}<\/style><\/defs><polyline class=\"cls-1\" points=\"1 8.07 8.07 1 15.14 8.07\"\/><polyline class=\"cls-1\" points=\"15.14 8.07 22.21 1 29.28 8.07\"\/><polyline class=\"cls-1\" points=\"29.28 8.07 36.35 1 43.43 8.07\"\/><polyline class=\"cls-1\" points=\"43.43 8.07 50.5 1 57.57 8.07\"\/><\/svg><\/div>\r\n\t\t            \t\r\n\t\t            <\/div>\r\n\t            \t            \t        <\/div>\r\n\t\t\t\t\t\t<\/div>\n\t\t\t\t<\/div>\n\t\t\t\t\t<\/div>\n\t\t<\/div>\n\t\t\t\t\t<\/div>\n\t\t<\/section>\n\t\t<div class=\"elementor-element elementor-element-72156f7 e-grid e-con-full e-con e-parent\" data-id=\"72156f7\" data-element_type=\"container\" data-e-type=\"container\">\n\t\t\t\t<div class=\"elementor-element elementor-element-2f5f697 elementor-widget elementor-widget-eael-feature-list\" data-id=\"2f5f697\" data-element_type=\"widget\" data-e-type=\"widget\" data-widget_type=\"eael-feature-list.default\">\n\t\t\t\t<div class=\"elementor-widget-container\">\n\t\t\t\t\t\t\t<div class=\"-icon-position-left -tablet-icon-position-left -mobile-icon-position-left\">\n\t\t\t<ul id=\"eael-feature-list-2f5f697\" class=\"eael-feature-list-items circle stacked  eael-feature-list-vertical\" data-layout-tablet=\"vertical\" data-layout-mobile=\"vertical\">\n\t\t\t                <li class=\"eael-feature-list-item elementor-repeater-item-4a861f4\">\n                    \n\t\t\t\t\t\t<div class=\"eael-feature-list-icon-box\">\n\t\t\t\t\t\t\t<div class=\"eael-feature-list-icon-inner\">\n\n\t\t\t\t\t\t\t\t<span class=\"eael-feature-list-icon fl-icon-0\">\n\n\t\t<img decoding=\"async\" src=\"https:\/\/evim.ge\/wp-content\/uploads\/2025\/09\/temperature-sensor.png\" class=\"eael-feature-list-img\" alt=\"\">\t\t\t\t\t\t\t\t<\/span>\n\t\t\t\t\t\t\t<\/div>\n\t\t\t\t\t\t<\/div>\n\t\t\t\t\t\t<div class=\"eael-feature-list-content-box\">\n                            <h2 class=\"eael-feature-list-title\">\u10d8\u10d6\u10dd\u10da\u10d8\u10e0\u10d4\u10d1\u10e3\u10da\u10d8<\/h2>\t\t\t\t\t\t<p class=\"eael-feature-list-content\"><\/p>\n\t\t\t\t\t\t<\/div>\n\n\t\t\t\t\t<\/li>\n\t\t\t\t                <li class=\"eael-feature-list-item elementor-repeater-item-e27f105\">\n                    \n\t\t\t\t\t\t<div class=\"eael-feature-list-icon-box\">\n\t\t\t\t\t\t\t<div class=\"eael-feature-list-icon-inner\">\n\n\t\t\t\t\t\t\t\t<span class=\"eael-feature-list-icon fl-icon-1\">\n\n\t\t<img decoding=\"async\" src=\"https:\/\/evim.ge\/wp-content\/uploads\/2025\/09\/fireproof.png\" class=\"eael-feature-list-img\" alt=\"\">\t\t\t\t\t\t\t\t<\/span>\n\t\t\t\t\t\t\t<\/div>\n\t\t\t\t\t\t<\/div>\n\t\t\t\t\t\t<div class=\"eael-feature-list-content-box\">\n                            <h2 class=\"eael-feature-list-title\">\u10d0\u10e0\u10d0\u10d0\u10d0\u10da\u10d4\u10d1\u10d0\u10d3\u10d8\u10d0<\/h2>\t\t\t\t\t\t<p class=\"eael-feature-list-content\"><\/p>\n\t\t\t\t\t\t<\/div>\n\n\t\t\t\t\t<\/li>\n\t\t\t\t                <li class=\"eael-feature-list-item elementor-repeater-item-7525bb7\">\n                    \n\t\t\t\t\t\t<div class=\"eael-feature-list-icon-box\">\n\t\t\t\t\t\t\t<div class=\"eael-feature-list-icon-inner\">\n\n\t\t\t\t\t\t\t\t<span class=\"eael-feature-list-icon fl-icon-2\">\n\n\t\t<img decoding=\"async\" src=\"https:\/\/evim.ge\/wp-content\/uploads\/2025\/09\/long-lasting.png\" class=\"eael-feature-list-img\" alt=\"\">\t\t\t\t\t\t\t\t<\/span>\n\t\t\t\t\t\t\t<\/div>\n\t\t\t\t\t\t<\/div>\n\t\t\t\t\t\t<div class=\"eael-feature-list-content-box\">\n                            <h2 class=\"eael-feature-list-title\">\u10ee\u10d0\u10dc\u10d2\u10e0\u10eb\u10da\u10d8\u10d5\u10d8 \u10db\u10dd\u10e5\u10db\u10d4\u10d3\u10d4\u10d1\u10d8\u10e1<\/h2>\t\t\t\t\t\t<p class=\"eael-feature-list-content\"><\/p>\n\t\t\t\t\t\t<\/div>\n\n\t\t\t\t\t<\/li>\n\t\t\t\t\t\t\t<\/ul>\n\t\t<\/div>\n\t\t\t\t\t\t<\/div>\n\t\t\t\t<\/div>\n\t\t\t\t<div class=\"elementor-element elementor-element-ca00a10 elementor-widget elementor-widget-eael-feature-list\" data-id=\"ca00a10\" data-element_type=\"widget\" data-e-type=\"widget\" data-widget_type=\"eael-feature-list.default\">\n\t\t\t\t<div class=\"elementor-widget-container\">\n\t\t\t\t\t\t\t<div class=\"-icon-position-left -tablet-icon-position-left -mobile-icon-position-left\">\n\t\t\t<ul id=\"eael-feature-list-ca00a10\" class=\"eael-feature-list-items circle stacked  eael-feature-list-vertical\" data-layout-tablet=\"vertical\" data-layout-mobile=\"vertical\">\n\t\t\t                <li class=\"eael-feature-list-item elementor-repeater-item-4a861f4\">\n                    \n\t\t\t\t\t\t<div class=\"eael-feature-list-icon-box\">\n\t\t\t\t\t\t\t<div class=\"eael-feature-list-icon-inner\">\n\n\t\t\t\t\t\t\t\t<span class=\"eael-feature-list-icon fl-icon-0\">\n\n\t\t<img decoding=\"async\" src=\"https:\/\/evim.ge\/wp-content\/uploads\/2025\/09\/recycle.png\" class=\"eael-feature-list-img\" alt=\"\">\t\t\t\t\t\t\t\t<\/span>\n\t\t\t\t\t\t\t<\/div>\n\t\t\t\t\t\t<\/div>\n\t\t\t\t\t\t<div class=\"eael-feature-list-content-box\">\n                            <h2 class=\"eael-feature-list-title\">\u10d4\u10d9\u10dd\u10da\u10dd\u10d2\u10d8\u10e3\u10e0\u10d0\u10d3 \u10e1\u10e3\u10e4\u10d7\u10d0<\/h2>\t\t\t\t\t\t<p class=\"eael-feature-list-content\"><\/p>\n\t\t\t\t\t\t<\/div>\n\n\t\t\t\t\t<\/li>\n\t\t\t\t                <li class=\"eael-feature-list-item elementor-repeater-item-e27f105\">\n                    \n\t\t\t\t\t\t<div class=\"eael-feature-list-icon-box\">\n\t\t\t\t\t\t\t<div class=\"eael-feature-list-icon-inner\">\n\n\t\t\t\t\t\t\t\t<span class=\"eael-feature-list-icon fl-icon-1\">\n\n\t\t<img decoding=\"async\" src=\"https:\/\/evim.ge\/wp-content\/uploads\/2025\/09\/light.png\" class=\"eael-feature-list-img\" alt=\"\">\t\t\t\t\t\t\t\t<\/span>\n\t\t\t\t\t\t\t<\/div>\n\t\t\t\t\t\t<\/div>\n\t\t\t\t\t\t<div class=\"eael-feature-list-content-box\">\n                            <h2 class=\"eael-feature-list-title\">\u10e1\u10d8\u10dc\u10d0\u10d7\u10da\u10d4<\/h2>\t\t\t\t\t\t<p class=\"eael-feature-list-content\"><\/p>\n\t\t\t\t\t\t<\/div>\n\n\t\t\t\t\t<\/li>\n\t\t\t\t                <li class=\"eael-feature-list-item elementor-repeater-item-7525bb7\">\n                    \n\t\t\t\t\t\t<div class=\"eael-feature-list-icon-box\">\n\t\t\t\t\t\t\t<div class=\"eael-feature-list-icon-inner\">\n\n\t\t\t\t\t\t\t\t<span class=\"eael-feature-list-icon fl-icon-2\">\n\n\t\t<img decoding=\"async\" src=\"https:\/\/evim.ge\/wp-content\/uploads\/2025\/09\/elastic.png\" class=\"eael-feature-list-img\" alt=\"\">\t\t\t\t\t\t\t\t<\/span>\n\t\t\t\t\t\t\t<\/div>\n\t\t\t\t\t\t<\/div>\n\t\t\t\t\t\t<div class=\"eael-feature-list-content-box\">\n                            <h2 class=\"eael-feature-list-title\">\u10d4\u10da\u10d0\u10e1\u10e2\u10d8\u10e3\u10e0\u10d8<\/h2>\t\t\t\t\t\t<p class=\"eael-feature-list-content\"><\/p>\n\t\t\t\t\t\t<\/div>\n\n\t\t\t\t\t<\/li>\n\t\t\t\t\t\t\t<\/ul>\n\t\t<\/div>\n\t\t\t\t\t\t<\/div>\n\t\t\t\t<\/div>\n\t\t\t\t<\/div>\n\t\t\t\t<\/div>","protected":false},"excerpt":{"rendered":"<p>Firma Haqq\u0131nda Evim \u0130n\u015faat &#8211; G\u00fcrc\u00fcstanda Termo Fasad Texnologiyas\u0131n\u0131n Lideri!G\u00fcrc\u00fcstanda ilk d\u0259f\u0259 olaraq termo fasad texnologiyas\u0131n\u0131 t\u0259tbiq ed\u0259n Evim \u0130n\u015faat, binalar\u0131n\u0131za istilik izolyasiyas\u0131 v\u0259 estetik g\u00f6r\u00fcn\u00fc\u015f qazand\u0131raraq in\u015faat sektorunda inqilab edir!Termo Fasad N\u0259dir?Termo fasad sisteml\u0259ri binalar\u0131n\u0131z\u0131 qoruyur, enerji s\u0259m\u0259r\u0259liliyi t\u0259min edir v\u0259 uzun\u00f6m\u00fcrl\u00fc bir h\u0259ll t\u0259qdim edir:Enerji S\u0259m\u0259r\u0259liliyi: \u0130stilik itkisini azald\u0131r, enerji x\u0259rcl\u0259rin\u0259 q\u0259na\u0259t edir.Estetik [&hellip;]<\/p>\n","protected":false},"author":1,"featured_media":0,"parent":0,"menu_order":0,"comment_status":"closed","ping_status":"closed","template":"page-template\/blank-page-sidebar.php","meta":{"footnotes":""},"class_list":["post-1512","page","type-page","status-publish","hentry"],"_links":{"self":[{"href":"https:\/\/evim.ge\/ka\/wp-json\/wp\/v2\/pages\/1512","targetHints":{"allow":["GET"]}}],"collection":[{"href":"https:\/\/evim.ge\/ka\/wp-json\/wp\/v2\/pages"}],"about":[{"href":"https:\/\/evim.ge\/ka\/wp-json\/wp\/v2\/types\/page"}],"author":[{"embeddable":true,"href":"https:\/\/evim.ge\/ka\/wp-json\/wp\/v2\/users\/1"}],"replies":[{"embeddable":true,"href":"https:\/\/evim.ge\/ka\/wp-json\/wp\/v2\/comments?post=1512"}],"version-history":[{"count":80,"href":"https:\/\/evim.ge\/ka\/wp-json\/wp\/v2\/pages\/1512\/revisions"}],"predecessor-version":[{"id":3180,"href":"https:\/\/evim.ge\/ka\/wp-json\/wp\/v2\/pages\/1512\/revisions\/3180"}],"wp:attachment":[{"href":"https:\/\/evim.ge\/ka\/wp-json\/wp\/v2\/media?parent=1512"}],"curies":[{"name":"wp","href":"https:\/\/api.w.org\/{rel}","templated":true}]}}